{"id":69,"date":"2024-09-27T16:19:07","date_gmt":"2024-09-27T16:19:07","guid":{"rendered":"https:\/\/blog.databyte.cl\/?page_id=69"},"modified":"2025-09-16T13:15:54","modified_gmt":"2025-09-16T13:15:54","slug":"databyte","status":"publish","type":"page","link":"https:\/\/blog.qubia.databyte.cl\/","title":{"rendered":"Qubia &#8211; Web Yourself"},"content":{"rendered":"\n<h2 class=\"wp-block-heading has-text-align-center\">No te pierdas nuestros \u00faltimos posts Publicados<\/h2>\n\n\n\n        <div id=\"posts\" class=\"posts  &#8221;&#8221;\">\n\n                                        \n                \n\n<article id=\"post-7167\" class=\"post-7167 post type-post status-publish format-standard hentry category-menus-y-estructura tag-creaweb\">\n\n\t\t<div class=\"entry-media\" >\n\t<\/div>\n\n\t<div class=\"entry-inner\">\n\t\t<div class=\"entry-inner-content\">\n\t\t\t<header class=\"entry-header\">\n\t\t\t\t<h2 class=\"entry-title\"><a href=\"https:\/\/blog.qubia.databyte.cl\/index.php\/2025\/12\/23\/como-vincular-desvincular-submenus-qubia\/\" rel=\"bookmark\">C\u00f3mo Vincular y Desvincular Submen\u00fas en Qubia<\/a><\/h2>\t\t\t<\/header><!-- .entry-header -->\n\n\t\t\t<div class=\"entry-content\">\n\t\t\t\t<p>En este tutorial te ense\u00f1aremos a gestionar la estructura de tu sitio en la administraci\u00f3n de Qubia. Aprender\u00e1s espec\u00edficamente a desvincular un men\u00fa o submen\u00fa de un men\u00fa tipo padre, as\u00ed como a vincular nuevos submen\u00fas utilizando el \u00e1rbol de men\u00fas disponibles. Pasos para la gesti\u00f3n de men\u00fas 1. Ingresa a la administraci\u00f3n de Qubia&#8230; <\/p>\n<div class=\"link-more\"><a href=\"https:\/\/blog.qubia.databyte.cl\/index.php\/2025\/12\/23\/como-vincular-desvincular-submenus-qubia\/\">Lea m\u00e1s<\/a><\/div>\n\t\t\t<\/div><!-- .entry-content -->\n\t\t<\/div><!-- .entry-inner-content -->\n\t<\/div><!-- .entry-inner -->\n\n\t<a class=\"cover-link\" href=\"https:\/\/blog.qubia.databyte.cl\/index.php\/2025\/12\/23\/como-vincular-desvincular-submenus-qubia\/\"><\/a>\n\n<\/article><!-- #post-## -->\n\n                            \n                \n\n<article id=\"post-7150\" class=\"post-7150 post type-post status-publish format-standard hentry category-configuracion-de-envios-y-despachos tag-configuracion\">\n\n\t\t<div class=\"entry-media\" >\n\t<\/div>\n\n\t<div class=\"entry-inner\">\n\t\t<div class=\"entry-inner-content\">\n\t\t\t<header class=\"entry-header\">\n\t\t\t\t<h2 class=\"entry-title\"><a href=\"https:\/\/blog.qubia.databyte.cl\/index.php\/2025\/12\/22\/como-configurar-tarifas-de-envio-regional-y-comunal\/\" rel=\"bookmark\">C\u00f3mo Configurar Tarifas de Env\u00edo (Regional y Comunal)<\/a><\/h2>\t\t\t<\/header><!-- .entry-header -->\n\n\t\t\t<div class=\"entry-content\">\n\t\t\t\t<p>En este tutorial aprender\u00e1s a configurar los costos de env\u00edo en tu sitio web. Te ense\u00f1aremos a manejar dos situaciones clave: definir un precio \u00fanico para toda una regi\u00f3n o un precio diferenciado para una comuna espec\u00edfica. Paso 1: Acceder al Gestor de Env\u00edos Paso 2: Crear una Nueva Tarifa Paso 3: Completar Datos Generales&#8230; <\/p>\n<div class=\"link-more\"><a href=\"https:\/\/blog.qubia.databyte.cl\/index.php\/2025\/12\/22\/como-configurar-tarifas-de-envio-regional-y-comunal\/\">Lea m\u00e1s<\/a><\/div>\n\t\t\t<\/div><!-- .entry-content -->\n\t\t<\/div><!-- .entry-inner-content -->\n\t<\/div><!-- .entry-inner -->\n\n\t<a class=\"cover-link\" href=\"https:\/\/blog.qubia.databyte.cl\/index.php\/2025\/12\/22\/como-configurar-tarifas-de-envio-regional-y-comunal\/\"><\/a>\n\n<\/article><!-- #post-## -->\n\n                            \n                \n\n<article id=\"post-7093\" class=\"post-7093 post type-post status-publish format-standard hentry category-diseno-y-contenido-del-sitio category-gestion-diaria-de-tu-tienda category-menus-y-estructura tag-configuracion\">\n\n\t\t<div class=\"entry-media\" >\n\t<\/div>\n\n\t<div class=\"entry-inner\">\n\t\t<div class=\"entry-inner-content\">\n\t\t\t<header class=\"entry-header\">\n\t\t\t\t<h2 class=\"entry-title\"><a href=\"https:\/\/blog.qubia.databyte.cl\/index.php\/2025\/12\/12\/como-crear-y-configurar-carruseles-de-productos-en-tu-pagina-de-inicio\/\" rel=\"bookmark\">Como crear y configurar carruseles de productos en tu p\u00e1gina de inicio<\/a><\/h2>\t\t\t<\/header><!-- .entry-header -->\n\n\t\t\t<div class=\"entry-content\">\n\t\t\t\t<p>La correcta exhibici\u00f3n de productos en la p\u00e1gina principal es vital para el \u00e9xito de tu comercio electr\u00f3nico. En este tutorial t\u00e9cnico, abordaremos el procedimiento exacto para crear carruseles de productos en Qubia. A trav\u00e9s de un flujo de trabajo estructurado, aprender\u00e1s desde la creaci\u00f3n del contenedor del men\u00fa hasta la configuraci\u00f3n avanzada de la&#8230; <\/p>\n<div class=\"link-more\"><a href=\"https:\/\/blog.qubia.databyte.cl\/index.php\/2025\/12\/12\/como-crear-y-configurar-carruseles-de-productos-en-tu-pagina-de-inicio\/\">Lea m\u00e1s<\/a><\/div>\n\t\t\t<\/div><!-- .entry-content -->\n\t\t<\/div><!-- .entry-inner-content -->\n\t<\/div><!-- .entry-inner -->\n\n\t<a class=\"cover-link\" href=\"https:\/\/blog.qubia.databyte.cl\/index.php\/2025\/12\/12\/como-crear-y-configurar-carruseles-de-productos-en-tu-pagina-de-inicio\/\"><\/a>\n\n<\/article><!-- #post-## -->\n\n                            \n                \n\n<article id=\"post-7051\" class=\"post-7051 post type-post status-publish format-standard hentry category-creaweb tag-configuracion tag-e-mail tag-creaweb\">\n\n\t\t<div class=\"entry-media\" >\n\t<\/div>\n\n\t<div class=\"entry-inner\">\n\t\t<div class=\"entry-inner-content\">\n\t\t\t<header class=\"entry-header\">\n\t\t\t\t<h2 class=\"entry-title\"><a href=\"https:\/\/blog.qubia.databyte.cl\/index.php\/2025\/09\/24\/configurar-una-cuenta-de-correo-electronico-de-qubia-en-mac\/\" rel=\"bookmark\">Configurar una Cuenta de Correo Electr\u00f3nico de Qubia en Mac<\/a><\/h2>\t\t\t<\/header><!-- .entry-header -->\n\n\t\t\t<div class=\"entry-content\">\n\t\t\t\t\t\t\t<\/div><!-- .entry-content -->\n\t\t<\/div><!-- .entry-inner-content -->\n\t<\/div><!-- .entry-inner -->\n\n\t<a class=\"cover-link\" href=\"https:\/\/blog.qubia.databyte.cl\/index.php\/2025\/09\/24\/configurar-una-cuenta-de-correo-electronico-de-qubia-en-mac\/\"><\/a>\n\n<\/article><!-- #post-## -->\n\n                            \n                \n\n<article id=\"post-6770\" class=\"post-6770 post type-post status-publish format-standard hentry category-personalizacion-visual category-creaweb tag-creaweb\">\n\n\t\t<div class=\"entry-media\" >\n\t<\/div>\n\n\t<div class=\"entry-inner\">\n\t\t<div class=\"entry-inner-content\">\n\t\t\t<header class=\"entry-header\">\n\t\t\t\t<h2 class=\"entry-title\"><a href=\"https:\/\/blog.qubia.databyte.cl\/index.php\/2025\/08\/21\/personalizacion-general-de-tu-sitio-en-creaweb\/\" rel=\"bookmark\">Personalizaci\u00f3n General de tu Sitio en Qubia<\/a><\/h2>\t\t\t<\/header><!-- .entry-header -->\n\n\t\t\t<div class=\"entry-content\">\n\t\t\t\t<p>La personalizaci\u00f3n de tu sitio web es clave para transmitir la identidad de tu marca, mejorar la experiencia de tus usuarios y proyectar profesionalismo. Con Qubia dispones de herramientas que te permiten adaptar tanto la apariencia como la funcionalidad de tu p\u00e1gina seg\u00fan tus necesidades. En esta gu\u00eda aprender\u00e1s, paso a paso, c\u00f3mo realizar cuatro&#8230; <\/p>\n<div class=\"link-more\"><a href=\"https:\/\/blog.qubia.databyte.cl\/index.php\/2025\/08\/21\/personalizacion-general-de-tu-sitio-en-creaweb\/\">Lea m\u00e1s<\/a><\/div>\n\t\t\t<\/div><!-- .entry-content -->\n\t\t<\/div><!-- .entry-inner-content -->\n\t<\/div><!-- .entry-inner -->\n\n\t<a class=\"cover-link\" href=\"https:\/\/blog.qubia.databyte.cl\/index.php\/2025\/08\/21\/personalizacion-general-de-tu-sitio-en-creaweb\/\"><\/a>\n\n<\/article><!-- #post-## -->\n\n                            \n                \n\n<article id=\"post-6749\" class=\"post-6749 post type-post status-publish format-standard hentry category-pagos-y-cotizaciones category-creaweb tag-creaweb\">\n\n\t\t<div class=\"entry-media\" >\n\t<\/div>\n\n\t<div class=\"entry-inner\">\n\t\t<div class=\"entry-inner-content\">\n\t\t\t<header class=\"entry-header\">\n\t\t\t\t<h2 class=\"entry-title\"><a href=\"https:\/\/blog.qubia.databyte.cl\/index.php\/2025\/08\/21\/configurando-los-metodos-de-pago-webpay-y-transferencia-electronica-en-creaweb\/\" rel=\"bookmark\">Configurando los m\u00e9todos de pago: WebPay y Transferencia Electr\u00f3nica en Qubia<\/a><\/h2>\t\t\t<\/header><!-- .entry-header -->\n\n\t\t\t<div class=\"entry-content\">\n\t\t\t\t<p>Ofrecer distintos m\u00e9todos de pago en tu tienda online es fundamental para brindar comodidad a tus clientes y aumentar las posibilidades de concretar ventas. En Qubia tienes la opci\u00f3n de habilitar tanto pagos electr\u00f3nicos con Webpay, que garantizan rapidez y seguridad, como tambi\u00e9n la tradicional transferencia bancaria, una alternativa confiable y transparente para quienes prefieren&#8230; <\/p>\n<div class=\"link-more\"><a href=\"https:\/\/blog.qubia.databyte.cl\/index.php\/2025\/08\/21\/configurando-los-metodos-de-pago-webpay-y-transferencia-electronica-en-creaweb\/\">Lea m\u00e1s<\/a><\/div>\n\t\t\t<\/div><!-- .entry-content -->\n\t\t<\/div><!-- .entry-inner-content -->\n\t<\/div><!-- .entry-inner -->\n\n\t<a class=\"cover-link\" href=\"https:\/\/blog.qubia.databyte.cl\/index.php\/2025\/08\/21\/configurando-los-metodos-de-pago-webpay-y-transferencia-electronica-en-creaweb\/\"><\/a>\n\n<\/article><!-- #post-## -->\n\n                            \n                \n\n<article id=\"post-5211\" class=\"post-5211 post type-post status-publish format-standard hentry category-primeros-pasos category-creaweb tag-creaweb\">\n\n\t\t<div class=\"entry-media\" >\n\t<\/div>\n\n\t<div class=\"entry-inner\">\n\t\t<div class=\"entry-inner-content\">\n\t\t\t<header class=\"entry-header\">\n\t\t\t\t<h2 class=\"entry-title\"><a href=\"https:\/\/blog.qubia.databyte.cl\/index.php\/2025\/07\/01\/guia-de-inicio-rapido-para-creaweb\/\" rel=\"bookmark\">Gu\u00eda de inicio r\u00e1pido para Qubia<\/a><\/h2>\t\t\t<\/header><!-- .entry-header -->\n\n\t\t\t<div class=\"entry-content\">\n\t\t\t\t<p>\u00a1Te damos la bienvenida a Qubia! Esta gu\u00eda te acompa\u00f1ar\u00e1 en los primeros y m\u00e1s importantes pasos para configurar tu nuevo sitio web. Nuestro objetivo es que dejes listos los ajustes esenciales de forma sencilla, para que tu p\u00e1gina se vea profesional y funcione a la perfecci\u00f3n desde el primer d\u00eda. Iniciar sesi\u00f3n Al acceder&#8230; <\/p>\n<div class=\"link-more\"><a href=\"https:\/\/blog.qubia.databyte.cl\/index.php\/2025\/07\/01\/guia-de-inicio-rapido-para-creaweb\/\">Lea m\u00e1s<\/a><\/div>\n\t\t\t<\/div><!-- .entry-content -->\n\t\t<\/div><!-- .entry-inner-content -->\n\t<\/div><!-- .entry-inner -->\n\n\t<a class=\"cover-link\" href=\"https:\/\/blog.qubia.databyte.cl\/index.php\/2025\/07\/01\/guia-de-inicio-rapido-para-creaweb\/\"><\/a>\n\n<\/article><!-- #post-## -->\n\n                            \n                \n\n<article id=\"post-3026\" class=\"post-3026 post type-post status-publish format-standard hentry category-primeros-pasos category-creaweb tag-creaweb\">\n\n\t\t<div class=\"entry-media\" >\n\t<\/div>\n\n\t<div class=\"entry-inner\">\n\t\t<div class=\"entry-inner-content\">\n\t\t\t<header class=\"entry-header\">\n\t\t\t\t<h2 class=\"entry-title\"><a href=\"https:\/\/blog.qubia.databyte.cl\/index.php\/2024\/12\/30\/diferencias-clave-entre-creaweb-informativo-y-creaweb-en-modo-tienda\/\" rel=\"bookmark\">Diferencias clave entre Qubia Informativo y Qubia en Modo Tienda<\/a><\/h2>\t\t\t<\/header><!-- .entry-header -->\n\n\t\t\t<div class=\"entry-content\">\n\t\t\t\t<p>Cuando eliges una plataforma para construir tu sitio web, es fundamental seleccionar la versi\u00f3n que mejor se adapte a las necesidades de tu negocio. Qubia, el CMS desarrollado por Databyte, ofrece dos versiones principales: Qubia Informativo y Qubia en Modo Tienda. Cada una est\u00e1 dise\u00f1ada para cumplir objetivos espec\u00edficos, desde presentar informaci\u00f3n esencial hasta gestionar&#8230; <\/p>\n<div class=\"link-more\"><a href=\"https:\/\/blog.qubia.databyte.cl\/index.php\/2024\/12\/30\/diferencias-clave-entre-creaweb-informativo-y-creaweb-en-modo-tienda\/\">Lea m\u00e1s<\/a><\/div>\n\t\t\t<\/div><!-- .entry-content -->\n\t\t<\/div><!-- .entry-inner-content -->\n\t<\/div><!-- .entry-inner -->\n\n\t<a class=\"cover-link\" href=\"https:\/\/blog.qubia.databyte.cl\/index.php\/2024\/12\/30\/diferencias-clave-entre-creaweb-informativo-y-creaweb-en-modo-tienda\/\"><\/a>\n\n<\/article><!-- #post-## -->\n\n                            \n                \n\n<article id=\"post-3017\" class=\"post-3017 post type-post status-publish format-standard hentry category-productos category-creaweb tag-creaweb\">\n\n\t\t<div class=\"entry-media\" >\n\t<\/div>\n\n\t<div class=\"entry-inner\">\n\t\t<div class=\"entry-inner-content\">\n\t\t\t<header class=\"entry-header\">\n\t\t\t\t<h2 class=\"entry-title\"><a href=\"https:\/\/blog.qubia.databyte.cl\/index.php\/2024\/12\/30\/como-gestionar-productos-en-creaweb\/\" rel=\"bookmark\">C\u00f3mo Gestionar Productos en Qubia<\/a><\/h2>\t\t\t<\/header><!-- .entry-header -->\n\n\t\t\t<div class=\"entry-content\">\n\t\t\t\t<p>Gestionar productos en Qubia es fundamental para garantizar que tu cat\u00e1logo est\u00e9 actualizado y organizado. Este proceso abarca desde la creaci\u00f3n de nuevos productos hasta la optimizaci\u00f3n de su contenido para motores de b\u00fasqueda. En esta gu\u00eda, te mostramos c\u00f3mo realizar estas tareas de manera sencilla y eficiente, organizadas en grupos de acciones clave para&#8230; <\/p>\n<div class=\"link-more\"><a href=\"https:\/\/blog.qubia.databyte.cl\/index.php\/2024\/12\/30\/como-gestionar-productos-en-creaweb\/\">Lea m\u00e1s<\/a><\/div>\n\t\t\t<\/div><!-- .entry-content -->\n\t\t<\/div><!-- .entry-inner-content -->\n\t<\/div><!-- .entry-inner -->\n\n\t<a class=\"cover-link\" href=\"https:\/\/blog.qubia.databyte.cl\/index.php\/2024\/12\/30\/como-gestionar-productos-en-creaweb\/\"><\/a>\n\n<\/article><!-- #post-## -->\n\n                            \n                \n\n<article id=\"post-2990\" class=\"post-2990 post type-post status-publish format-standard hentry category-menus-y-estructura category-creaweb tag-creaweb\">\n\n\t\t<div class=\"entry-media\" >\n\t<\/div>\n\n\t<div class=\"entry-inner\">\n\t\t<div class=\"entry-inner-content\">\n\t\t\t<header class=\"entry-header\">\n\t\t\t\t<h2 class=\"entry-title\"><a href=\"https:\/\/blog.qubia.databyte.cl\/index.php\/2024\/12\/30\/guia-completa-para-estructurar-tu-sitio-web-en-creaweb\/\" rel=\"bookmark\">Gu\u00eda Completa para Estructurar tu Sitio Web en Qubia<\/a><\/h2>\t\t\t<\/header><!-- .entry-header -->\n\n\t\t\t<div class=\"entry-content\">\n\t\t\t\t<p>Crear un sitio web puede parecer complicado, pero con Qubia, el proceso se vuelve simple y eficiente. Este sistema te ofrece herramientas intuitivas para estructurar tu sitio desde cero, permiti\u00e9ndote personalizar cada detalle de manera profesional. En este tutorial, te mostraremos c\u00f3mo empezar a estructurar tu sitio paso a paso, desde la primera vez que&#8230; <\/p>\n<div class=\"link-more\"><a href=\"https:\/\/blog.qubia.databyte.cl\/index.php\/2024\/12\/30\/guia-completa-para-estructurar-tu-sitio-web-en-creaweb\/\">Lea m\u00e1s<\/a><\/div>\n\t\t\t<\/div><!-- .entry-content -->\n\t\t<\/div><!-- .entry-inner-content -->\n\t<\/div><!-- .entry-inner -->\n\n\t<a class=\"cover-link\" href=\"https:\/\/blog.qubia.databyte.cl\/index.php\/2024\/12\/30\/guia-completa-para-estructurar-tu-sitio-web-en-creaweb\/\"><\/a>\n\n<\/article><!-- #post-## -->\n\n            \n        <\/div><!-- .posts -->\n\n        \n    \n\n\n\n<p><\/p>\n","protected":false},"excerpt":{"rendered":"<p>No te pierdas nuestros \u00faltimos posts Publicados<\/p>\n","protected":false},"author":3,"featured_media":70,"parent":0,"menu_order":0,"comment_status":"closed","ping_status":"closed","template":"","meta":{"_lmt_disableupdate":"","_lmt_disable":"","ep_exclude_from_search":false,"footnotes":""},"class_list":["post-69","page","type-page","status-publish","has-post-thumbnail","hentry"],"yoast_head":"<!-- This site is optimized with the Yoast SEO plugin v26.8 - https:\/\/yoast.com\/product\/yoast-seo-wordpress\/ -->\n<title>Qubia - Web Yourself - Blog Qubia<\/title>\n<meta name=\"robots\" content=\"index, follow, max-snippet:-1, max-image-preview:large, max-video-preview:-1\" \/>\n<link rel=\"canonical\" href=\"https:\/\/blog.qubia.cl\/\" \/>\n<meta property=\"og:locale\" content=\"es_ES\" \/>\n<meta property=\"og:type\" content=\"article\" \/>\n<meta property=\"og:title\" content=\"Qubia - Web Yourself - Blog Qubia\" \/>\n<meta property=\"og:description\" content=\"No te pierdas nuestros \u00faltimos posts Publicados\" \/>\n<meta property=\"og:url\" content=\"https:\/\/blog.qubia.cl\/\" \/>\n<meta property=\"og:site_name\" content=\"Blog Qubia\" \/>\n<meta property=\"article:modified_time\" content=\"2025-09-16T13:15:54+00:00\" \/>\n<meta property=\"og:image\" content=\"https:\/\/blog.qubia.cl\/wp-content\/uploads\/2024\/09\/pexels-cookiecutter-1148820-scaled.jpg\" \/>\n\t<meta property=\"og:image:width\" content=\"2560\" \/>\n\t<meta property=\"og:image:height\" content=\"1709\" \/>\n\t<meta property=\"og:image:type\" content=\"image\/jpeg\" \/>\n<meta name=\"twitter:card\" content=\"summary_large_image\" \/>\n<meta name=\"twitter:label1\" content=\"Tiempo de lectura\" \/>\n\t<meta name=\"twitter:data1\" content=\"1 minuto\" \/>\n<script type=\"application\/ld+json\" class=\"yoast-schema-graph\">{\"@context\":\"https:\/\/schema.org\",\"@graph\":[{\"@type\":\"WebPage\",\"@id\":\"https:\/\/blog.qubia.cl\/\",\"url\":\"https:\/\/blog.qubia.cl\/\",\"name\":\"Qubia - Web Yourself - Blog Qubia\",\"isPartOf\":{\"@id\":\"https:\/\/blog.qubia.cl\/#website\"},\"primaryImageOfPage\":{\"@id\":\"https:\/\/blog.qubia.cl\/#primaryimage\"},\"image\":{\"@id\":\"https:\/\/blog.qubia.cl\/#primaryimage\"},\"thumbnailUrl\":\"https:\/\/blog.qubia.databyte.cl\/wp-content\/uploads\/2024\/09\/pexels-cookiecutter-1148820-scaled.jpg\",\"datePublished\":\"2024-09-27T16:19:07+00:00\",\"dateModified\":\"2025-09-16T13:15:54+00:00\",\"breadcrumb\":{\"@id\":\"https:\/\/blog.qubia.cl\/#breadcrumb\"},\"inLanguage\":\"es\",\"potentialAction\":[{\"@type\":\"ReadAction\",\"target\":[\"https:\/\/blog.qubia.cl\/\"]}]},{\"@type\":\"ImageObject\",\"inLanguage\":\"es\",\"@id\":\"https:\/\/blog.qubia.cl\/#primaryimage\",\"url\":\"https:\/\/blog.qubia.databyte.cl\/wp-content\/uploads\/2024\/09\/pexels-cookiecutter-1148820-scaled.jpg\",\"contentUrl\":\"https:\/\/blog.qubia.databyte.cl\/wp-content\/uploads\/2024\/09\/pexels-cookiecutter-1148820-scaled.jpg\",\"width\":2560,\"height\":1709},{\"@type\":\"BreadcrumbList\",\"@id\":\"https:\/\/blog.qubia.cl\/#breadcrumb\",\"itemListElement\":[{\"@type\":\"ListItem\",\"position\":1,\"name\":\"Portada\",\"item\":\"https:\/\/blog.qubia.cl\/\"},{\"@type\":\"ListItem\",\"position\":2,\"name\":\"Qubia &#8211; Web Yourself\"}]},{\"@type\":\"WebSite\",\"@id\":\"https:\/\/blog.qubia.cl\/#website\",\"url\":\"https:\/\/blog.qubia.cl\/\",\"name\":\"Blog Databyte\",\"description\":\"Qubia - Web Yourself\",\"publisher\":{\"@id\":\"https:\/\/blog.qubia.cl\/#organization\"},\"potentialAction\":[{\"@type\":\"SearchAction\",\"target\":{\"@type\":\"EntryPoint\",\"urlTemplate\":\"https:\/\/blog.qubia.cl\/?s={search_term_string}\"},\"query-input\":{\"@type\":\"PropertyValueSpecification\",\"valueRequired\":true,\"valueName\":\"search_term_string\"}}],\"inLanguage\":\"es\"},{\"@type\":\"Organization\",\"@id\":\"https:\/\/blog.qubia.cl\/#organization\",\"name\":\"Blog Databyte\",\"url\":\"https:\/\/blog.qubia.cl\/\",\"logo\":{\"@type\":\"ImageObject\",\"inLanguage\":\"es\",\"@id\":\"https:\/\/blog.qubia.cl\/#\/schema\/logo\/image\/\",\"url\":\"https:\/\/blog.qubia.databyte.cl\/wp-content\/uploads\/2024\/09\/favicon-original.png\",\"contentUrl\":\"https:\/\/blog.qubia.databyte.cl\/wp-content\/uploads\/2024\/09\/favicon-original.png\",\"width\":189,\"height\":62,\"caption\":\"Blog Databyte\"},\"image\":{\"@id\":\"https:\/\/blog.qubia.cl\/#\/schema\/logo\/image\/\"}}]}<\/script>\n<!-- \/ Yoast SEO plugin. -->","yoast_head_json":{"title":"Qubia - Web Yourself - Blog Qubia","robots":{"index":"index","follow":"follow","max-snippet":"max-snippet:-1","max-image-preview":"max-image-preview:large","max-video-preview":"max-video-preview:-1"},"canonical":"https:\/\/blog.qubia.cl\/","og_locale":"es_ES","og_type":"article","og_title":"Qubia - Web Yourself - Blog Qubia","og_description":"No te pierdas nuestros \u00faltimos posts Publicados","og_url":"https:\/\/blog.qubia.cl\/","og_site_name":"Blog Qubia","article_modified_time":"2025-09-16T13:15:54+00:00","og_image":[{"width":2560,"height":1709,"url":"https:\/\/blog.qubia.cl\/wp-content\/uploads\/2024\/09\/pexels-cookiecutter-1148820-scaled.jpg","type":"image\/jpeg"}],"twitter_card":"summary_large_image","twitter_misc":{"Tiempo de lectura":"1 minuto"},"schema":{"@context":"https:\/\/schema.org","@graph":[{"@type":"WebPage","@id":"https:\/\/blog.qubia.cl\/","url":"https:\/\/blog.qubia.cl\/","name":"Qubia - Web Yourself - Blog Qubia","isPartOf":{"@id":"https:\/\/blog.qubia.cl\/#website"},"primaryImageOfPage":{"@id":"https:\/\/blog.qubia.cl\/#primaryimage"},"image":{"@id":"https:\/\/blog.qubia.cl\/#primaryimage"},"thumbnailUrl":"https:\/\/blog.qubia.databyte.cl\/wp-content\/uploads\/2024\/09\/pexels-cookiecutter-1148820-scaled.jpg","datePublished":"2024-09-27T16:19:07+00:00","dateModified":"2025-09-16T13:15:54+00:00","breadcrumb":{"@id":"https:\/\/blog.qubia.cl\/#breadcrumb"},"inLanguage":"es","potentialAction":[{"@type":"ReadAction","target":["https:\/\/blog.qubia.cl\/"]}]},{"@type":"ImageObject","inLanguage":"es","@id":"https:\/\/blog.qubia.cl\/#primaryimage","url":"https:\/\/blog.qubia.databyte.cl\/wp-content\/uploads\/2024\/09\/pexels-cookiecutter-1148820-scaled.jpg","contentUrl":"https:\/\/blog.qubia.databyte.cl\/wp-content\/uploads\/2024\/09\/pexels-cookiecutter-1148820-scaled.jpg","width":2560,"height":1709},{"@type":"BreadcrumbList","@id":"https:\/\/blog.qubia.cl\/#breadcrumb","itemListElement":[{"@type":"ListItem","position":1,"name":"Portada","item":"https:\/\/blog.qubia.cl\/"},{"@type":"ListItem","position":2,"name":"Qubia &#8211; Web Yourself"}]},{"@type":"WebSite","@id":"https:\/\/blog.qubia.cl\/#website","url":"https:\/\/blog.qubia.cl\/","name":"Blog Databyte","description":"Qubia - Web Yourself","publisher":{"@id":"https:\/\/blog.qubia.cl\/#organization"},"potentialAction":[{"@type":"SearchAction","target":{"@type":"EntryPoint","urlTemplate":"https:\/\/blog.qubia.cl\/?s={search_term_string}"},"query-input":{"@type":"PropertyValueSpecification","valueRequired":true,"valueName":"search_term_string"}}],"inLanguage":"es"},{"@type":"Organization","@id":"https:\/\/blog.qubia.cl\/#organization","name":"Blog Databyte","url":"https:\/\/blog.qubia.cl\/","logo":{"@type":"ImageObject","inLanguage":"es","@id":"https:\/\/blog.qubia.cl\/#\/schema\/logo\/image\/","url":"https:\/\/blog.qubia.databyte.cl\/wp-content\/uploads\/2024\/09\/favicon-original.png","contentUrl":"https:\/\/blog.qubia.databyte.cl\/wp-content\/uploads\/2024\/09\/favicon-original.png","width":189,"height":62,"caption":"Blog Databyte"},"image":{"@id":"https:\/\/blog.qubia.cl\/#\/schema\/logo\/image\/"}}]}},"jetpack-related-posts":[],"jetpack_sharing_enabled":true,"rttpg_featured_image_url":{"full":["https:\/\/blog.qubia.databyte.cl\/wp-content\/uploads\/2024\/09\/pexels-cookiecutter-1148820-scaled.jpg",2560,1709,false],"landscape":["https:\/\/blog.qubia.databyte.cl\/wp-content\/uploads\/2024\/09\/pexels-cookiecutter-1148820-scaled.jpg",2560,1709,false],"portraits":["https:\/\/blog.qubia.databyte.cl\/wp-content\/uploads\/2024\/09\/pexels-cookiecutter-1148820-scaled.jpg",2560,1709,false],"thumbnail":["https:\/\/blog.qubia.databyte.cl\/wp-content\/uploads\/2024\/09\/pexels-cookiecutter-1148820-150x150.jpg",150,150,true],"medium":["https:\/\/blog.qubia.databyte.cl\/wp-content\/uploads\/2024\/09\/pexels-cookiecutter-1148820-300x200.jpg",300,200,true],"large":["https:\/\/blog.qubia.databyte.cl\/wp-content\/uploads\/2024\/09\/pexels-cookiecutter-1148820-1024x684.jpg",1000,668,true],"1536x1536":["https:\/\/blog.qubia.databyte.cl\/wp-content\/uploads\/2024\/09\/pexels-cookiecutter-1148820-1536x1025.jpg",1536,1025,true],"2048x2048":["https:\/\/blog.qubia.databyte.cl\/wp-content\/uploads\/2024\/09\/pexels-cookiecutter-1148820-2048x1367.jpg",2048,1367,true],"dyad-banner":["https:\/\/blog.qubia.databyte.cl\/wp-content\/uploads\/2024\/09\/pexels-cookiecutter-1148820-1800x720.jpg",1800,720,true],"dyad-thumbnails":["https:\/\/blog.qubia.databyte.cl\/wp-content\/uploads\/2024\/09\/pexels-cookiecutter-1148820-630x840.jpg",630,840,true],"dyad-featured-image":["https:\/\/blog.qubia.databyte.cl\/wp-content\/uploads\/2024\/09\/pexels-cookiecutter-1148820-960x1280.jpg",960,1280,true],"dyad-featured-image-horz":["https:\/\/blog.qubia.databyte.cl\/wp-content\/uploads\/2024\/09\/pexels-cookiecutter-1148820-960x640.jpg",960,640,true],"dyad-site-logo":["https:\/\/blog.qubia.databyte.cl\/wp-content\/uploads\/2024\/09\/pexels-cookiecutter-1148820-449x300.jpg",449,300,true]},"rttpg_author":{"display_name":"Diana Mor\u00e1n","author_link":"https:\/\/blog.qubia.databyte.cl\/index.php\/author\/dmoran\/"},"rttpg_comment":0,"rttpg_category":"","rttpg_excerpt":"No te pierdas nuestros \u00faltimos posts Publicados","_links":{"self":[{"href":"https:\/\/blog.qubia.databyte.cl\/index.php\/wp-json\/wp\/v2\/pages\/69","targetHints":{"allow":["GET"]}}],"collection":[{"href":"https:\/\/blog.qubia.databyte.cl\/index.php\/wp-json\/wp\/v2\/pages"}],"about":[{"href":"https:\/\/blog.qubia.databyte.cl\/index.php\/wp-json\/wp\/v2\/types\/page"}],"author":[{"embeddable":true,"href":"https:\/\/blog.qubia.databyte.cl\/index.php\/wp-json\/wp\/v2\/users\/3"}],"replies":[{"embeddable":true,"href":"https:\/\/blog.qubia.databyte.cl\/index.php\/wp-json\/wp\/v2\/comments?post=69"}],"version-history":[{"count":22,"href":"https:\/\/blog.qubia.databyte.cl\/index.php\/wp-json\/wp\/v2\/pages\/69\/revisions"}],"predecessor-version":[{"id":7050,"href":"https:\/\/blog.qubia.databyte.cl\/index.php\/wp-json\/wp\/v2\/pages\/69\/revisions\/7050"}],"wp:featuredmedia":[{"embeddable":true,"href":"https:\/\/blog.qubia.databyte.cl\/index.php\/wp-json\/wp\/v2\/media\/70"}],"wp:attachment":[{"href":"https:\/\/blog.qubia.databyte.cl\/index.php\/wp-json\/wp\/v2\/media?parent=69"}],"curies":[{"name":"wp","href":"https:\/\/api.w.org\/{rel}","templated":true}]}}